{"id":10,"date":"2026-02-04T02:28:02","date_gmt":"2026-02-04T02:28:02","guid":{"rendered":"https:\/\/cryptolens.online\/?page_id=10"},"modified":"2026-02-04T02:28:02","modified_gmt":"2026-02-04T02:28:02","slug":"trang-chu","status":"publish","type":"page","link":"https:\/\/cryptolens.online\/","title":{"rendered":"Trang ch\u1ee7"},"content":{"rendered":"\n<body>\n    <header class=\"lens-header\">\n        <div class=\"container\">\n            <div class=\"logo\">CRYPTO<span>LENS<\/span><\/div>\n            <nav>\n                <ul class=\"nav-links\">\n                    <li><a href=\"#\">\u1ed0ng k\u00ednh On-chain<\/a><\/li>\n                    <li><a href=\"#\">Soi d\u1ef1 \u00e1n<\/a><\/li>\n                    <li><a href=\"#\">T\u00edn hi\u1ec7u<\/a><\/li>\n                <\/ul>\n            <\/nav>\n        <\/div>\n    <\/header>\n\n    <main class=\"container\">\n        <section class=\"lens-hero\">\n            <div class=\"lens-circle\"><\/div>\n            <div class=\"hero-content\">\n                <h1>Nh\u00ecn th\u1ea5u m\u1ecdi bi\u1ebfn \u0111\u1ed9ng <br>th\u1ecb tr\u01b0\u1eddng Crypto<\/h1>\n                <p>Cung c\u1ea5p g\u00f3c nh\u00ecn \u0111a chi\u1ec1u v\u00e0 d\u1eef li\u1ec7u minh b\u1ea1ch t\u1ea1i cryptolens.online<\/p>\n                <div class=\"search-lens\">\n                    <input type=\"text\" placeholder=\"Nh\u1eadp \u0111\u1ecba ch\u1ec9 v\u00ed ho\u1eb7c m\u00e3 token \u0111\u1ec3 soi...\">\n                    <button>Qu\u00e9t d\u1eef li\u1ec7u<\/button>\n                <\/div>\n            <\/div>\n        <\/section>\n\n        <div class=\"lens-grid\">\n            <article class=\"glass-card\">\n                <div class=\"card-eye\">\ud83d\udc41\ufe0f<\/div>\n                <span class=\"label\">Ph\u00e2n t\u00edch v\u00ed<\/span>\n                <h3>D\u00f2ng ti\u1ec1n Smart Money \u0111ang ch\u1ea3y v\u1ec1 \u0111\u00e2u?<\/h3>\n                <p>Theo d\u00f5i c\u00e1c chuy\u1ec3n \u0111\u1ed9ng l\u1edbn c\u1ee7a c\u00e1 m\u1eadp trong 24 gi\u1edd qua th\u00f4ng qua th\u1ea5u k\u00ednh CryptoLens&#8230;<\/p>\n                <a href=\"#\" class=\"btn-more\">Xem ph\u00e2n t\u00edch<\/a>\n            <\/article>\n\n            <article class=\"glass-card\">\n                <div class=\"card-eye\">\ud83d\udcc8<\/div>\n                <span class=\"label\">Soi K\u1ef9 thu\u1eadt<\/span>\n                <h3>Ph\u00e2n t\u00edch \u0111a khung th\u1eddi gian: BTC &#038; ETH<\/h3>\n                <p>G\u00f3c nh\u00ecn k\u1ef9 thu\u1eadt chi ti\u1ebft gi\u00fap b\u1ea1n c\u00f3 c\u00e1i nh\u00ecn t\u1ed5ng th\u1ec3 v\u1ec1 xu h\u01b0\u1edbng trung h\u1ea1n&#8230;<\/p>\n                <a href=\"#\" class=\"btn-more\">Xem ph\u00e2n t\u00edch<\/a>\n            <\/article>\n\n            <article class=\"glass-card\">\n                <div class=\"card-eye\">\ud83d\udd0d<\/div>\n                <span class=\"label\">D\u1ef1 \u00e1n m\u1edbi<\/span>\n                <h3>B\u00f3c t\u00e1ch m\u00f4 h\u00ecnh Tokenomics c\u1ee7a d\u1ef1 \u00e1n X<\/h3>\n                <p>Li\u1ec7u l\u1ecbch tr\u00ecnh tr\u1ea3 token c\u00f3 g\u00e2y \u00e1p l\u1ef1c x\u1ea3 l\u1edbn trong th\u00e1ng t\u1edbi hay kh\u00f4ng? H\u00e3y c\u00f9ng soi k\u1ef9&#8230;<\/p>\n                <a href=\"#\" class=\"btn-more\">Xem ph\u00e2n t\u00edch<\/a>\n            <\/article>\n        <\/div>\n    <\/main>\n\n    <footer class=\"lens-footer\">\n        <p>&copy; 2026 cryptolens.online | Mang l\u1ea1i s\u1ef1 minh b\u1ea1ch cho th\u1ebf gi\u1edbi Crypto<\/p>\n    <\/footer>\n<\/body>\n","protected":false},"excerpt":{"rendered":"<p>CRYPTOLENS \u1ed0ng k\u00ednh On-chain Soi d\u1ef1 \u00e1n T\u00edn hi\u1ec7u Nh\u00ecn th\u1ea5u m\u1ecdi bi\u1ebfn \u0111\u1ed9ng th\u1ecb tr\u01b0\u1eddng Crypto Cung c\u1ea5p g\u00f3c nh\u00ecn \u0111a chi\u1ec1u v\u00e0 d\u1eef li\u1ec7u minh b\u1ea1ch t\u1ea1i cryptolens.online Qu\u00e9t d\u1eef li\u1ec7u \ud83d\udc41\ufe0f Ph\u00e2n t\u00edch v\u00ed D\u00f2ng ti\u1ec1n Smart Money \u0111ang ch\u1ea3y v\u1ec1 \u0111\u00e2u? Theo d\u00f5i c\u00e1c chuy\u1ec3n \u0111\u1ed9ng l\u1edbn c\u1ee7a c\u00e1 m\u1eadp trong [&#8230;]\n","protected":false},"author":1,"featured_media":0,"parent":0,"menu_order":0,"comment_status":"closed","ping_status":"closed","template":"","meta":{"footnotes":""},"class_list":["post-10","page","type-page","status-publish","hentry"],"_links":{"self":[{"href":"https:\/\/cryptolens.online\/index.php\/wp-json\/wp\/v2\/pages\/10","targetHints":{"allow":["GET"]}}],"collection":[{"href":"https:\/\/cryptolens.online\/index.php\/wp-json\/wp\/v2\/pages"}],"about":[{"href":"https:\/\/cryptolens.online\/index.php\/wp-json\/wp\/v2\/types\/page"}],"author":[{"embeddable":true,"href":"https:\/\/cryptolens.online\/index.php\/wp-json\/wp\/v2\/users\/1"}],"replies":[{"embeddable":true,"href":"https:\/\/cryptolens.online\/index.php\/wp-json\/wp\/v2\/comments?post=10"}],"version-history":[{"count":1,"href":"https:\/\/cryptolens.online\/index.php\/wp-json\/wp\/v2\/pages\/10\/revisions"}],"predecessor-version":[{"id":12,"href":"https:\/\/cryptolens.online\/index.php\/wp-json\/wp\/v2\/pages\/10\/revisions\/12"}],"wp:attachment":[{"href":"https:\/\/cryptolens.online\/index.php\/wp-json\/wp\/v2\/media?parent=10"}],"curies":[{"name":"wp","href":"https:\/\/api.w.org\/{rel}","templated":true}]}}